{"id":2845,"date":"2022-08-19T15:27:00","date_gmt":"2022-08-19T15:27:00","guid":{"rendered":"https:\/\/www.baubargirona.com\/politica-de-privacidad\/"},"modified":"2023-10-24T16:43:03","modified_gmt":"2023-10-24T16:43:03","slug":"politica-de-privacidad","status":"publish","type":"page","link":"https:\/\/www.baubargirona.com\/es\/politica-de-privacidad\/","title":{"rendered":"Pol\u00edtica de privacidad"},"content":{"rendered":"<div class=\"wpb-content-wrapper\"><p>[vc_row][vc_column width=\u00bb1\/6&#8243;][\/vc_column][vc_column width=\u00bb2\/3&#8243;][vc_column_text]<\/p>\n<h3>Pol\u00edtica de privacidad<\/h3>\n<p>Le informamos que tratamos sus datos personales con el fin de realizar la gesti\u00f3n administrativa, contable y fiscal, as\u00ed como enviarle comunicaciones comerciales sobre nuestros productos y\/o servicios. Los datos proporcionados se conservar\u00e1n mientras se mantenga la relaci\u00f3n comercial o durante los a\u00f1os necesarios para cumplir con las obligaciones legales. Los datos no se ceder\u00e1n a terceros salvo en los casos en los que exista una obligaci\u00f3n legal.<\/p>\n<p>As\u00ed mismo, le informamos de la posibilidad de ejercer los siguientes derechos sobre sus datos personales: derecho de acceso, rectificaci\u00f3n, supresi\u00f3n u olvido, limitaci\u00f3n, oposici\u00f3n, portabilidad y retirar el consentimiento prestado.<\/p>\n<p>Para ello podr\u00e1 enviar un email a: <a href=\"mailto:info@baubargirona.com\">info@baubargirona.com<\/a><\/p>\n<p>Adem\u00e1s, el interesado puede dirigirse a la Autoridad de Control en materia de protecci\u00f3n de datos competente para obtener informaci\u00f3n adicional o presentar una reclamaci\u00f3n.<\/p>\n<p>Si usted no desea recibir nuestra informaci\u00f3n, p\u00f3ngase en contacto con nosotros enviando un correo electr\u00f3nico a la siguiente direcci\u00f3n: <a href=\"mailto:info@baubargirona.com\">info@baubargirona.com<\/a><\/p>\n<p>Datos identificativos:<br \/>\nELENA LOZANO LOPEZ<br \/>\n40314886A<br \/>\nPla\u00e7a Catedral, 8<br \/>\n17004 GIRONA<br \/>\nGIRONA<br \/>\n680275073[\/vc_column_text][\/vc_column][vc_column width=\u00bb1\/6&#8243;][\/vc_column][\/vc_row]<\/p>\n<\/div>","protected":false},"excerpt":{"rendered":"<p>[vc_row][vc_column width=\u00bb1\/6&#8243;][\/vc_column][vc_column width=\u00bb2\/3&#8243;][vc_column_text] Pol\u00edtica de privacidad Le informamos que tratamos sus datos personales con el fin de realizar la gesti\u00f3n administrativa, contable y fiscal, as\u00ed como enviarle comunicaciones comerciales sobre nuestros productos y\/o servicios. Los datos proporcionados se conservar\u00e1n mientras se mantenga la relaci\u00f3n comercial o durante los a\u00f1os necesarios para cumplir con las obligaciones&hellip;<\/p>\n","protected":false},"author":1,"featured_media":0,"parent":0,"menu_order":0,"comment_status":"closed","ping_status":"closed","template":"","meta":{"footnotes":""},"class_list":["post-2845","page","type-page","status-publish","hentry","description-off"],"_links":{"self":[{"href":"https:\/\/www.baubargirona.com\/es\/wp-json\/wp\/v2\/pages\/2845","targetHints":{"allow":["GET"]}}],"collection":[{"href":"https:\/\/www.baubargirona.com\/es\/wp-json\/wp\/v2\/pages"}],"about":[{"href":"https:\/\/www.baubargirona.com\/es\/wp-json\/wp\/v2\/types\/page"}],"author":[{"embeddable":true,"href":"https:\/\/www.baubargirona.com\/es\/wp-json\/wp\/v2\/users\/1"}],"replies":[{"embeddable":true,"href":"https:\/\/www.baubargirona.com\/es\/wp-json\/wp\/v2\/comments?post=2845"}],"version-history":[{"count":7,"href":"https:\/\/www.baubargirona.com\/es\/wp-json\/wp\/v2\/pages\/2845\/revisions"}],"predecessor-version":[{"id":2852,"href":"https:\/\/www.baubargirona.com\/es\/wp-json\/wp\/v2\/pages\/2845\/revisions\/2852"}],"wp:attachment":[{"href":"https:\/\/www.baubargirona.com\/es\/wp-json\/wp\/v2\/media?parent=2845"}],"curies":[{"name":"wp","href":"https:\/\/api.w.org\/{rel}","templated":true}]}}