{"id":2816,"date":"2022-08-19T09:46:24","date_gmt":"2022-08-19T09:46:24","guid":{"rendered":"https:\/\/www.baubargirona.com\/catering\/"},"modified":"2026-04-10T12:28:02","modified_gmt":"2026-04-10T12:28:02","slug":"catering","status":"publish","type":"page","link":"https:\/\/www.baubargirona.com\/es\/catering\/","title":{"rendered":"Catering"},"content":{"rendered":"<div class=\"wpb-content-wrapper\"><p>[vc_row full_width=\u00bbstretch_row_content\u00bb bg_type=\u00bbimage\u00bb parallax_style=\u00bbvcpb-default\u00bb bg_image_new=\u00bbid^2487|url^https:\/\/www.baubargirona.com\/wp-content\/uploads\/2022\/08\/Inici-Slide-catering.jpg|caption^30 de abril de 2022. Baubar Restaurant por Set De Disseny.Cr\u00e9dito de im\u00e1genes: Toni Vilches Fotograf\u00eda.|alt^null|title^Baubar Restaurant por Set De Disseny|description^null\u00bb css=\u00bb.vc_custom_1660923225395{margin-top: 0px !important;padding-top: 200px !important;}\u00bb][vc_column][vc_column_text css=\u00bb.vc_custom_1660902675277{padding-bottom: 0px !important;}\u00bb]<\/p>\n<h3 style=\"text-align: center;\"><span style=\"color: #ffffff;\"><strong>Catering<\/strong><\/span><\/h3>\n<p>[\/vc_column_text][\/vc_column][\/vc_row][vc_row full_width=\u00bbstretch_row\u00bb css=\u00bb.vc_custom_1660923240025{margin-top: 30px !important;margin-bottom: 30px !important;}\u00bb][vc_column width=\u00bb1\/4&#8243;][\/vc_column][vc_column width=\u00bb1\/2&#8243;][vc_column_text css=\u00bb\u00bb]<\/p>\n<p style=\"text-align: center;\">En Bau-Bar catering te ofrecemos una gran variedad de platos adaptados a tus necesidades.<\/p>\n<p style=\"text-align: center;\">Cu\u00e9ntanos qu\u00e9 quieres, \u00a1nosotros te lo preparamos!<\/p>\n<p>[\/vc_column_text][\/vc_column][vc_column width=\u00bb1\/4&#8243;][\/vc_column][\/vc_row][vc_row full_width=\u00bbstretch_row\u00bb content_placement=\u00bbmiddle\u00bb bg_type=\u00bbbg_color\u00bb ult_hide_row=\u00bbult_hide_row_value\u00bb ult_hide_row_mobile=\u00bbmobile\u00bb ult_hide_row_mobile_large=\u00bbxl_mobile\u00bb css=\u00bb.vc_custom_1662117944168{margin-top: 0px !important;margin-bottom: 0px !important;}\u00bb bg_color_value=\u00bb#ebebe6&#8243;][vc_column width=\u00bb1\/12&#8243;][\/vc_column][vc_column width=\u00bb4\/12&#8243;][vc_column_text css_animation=\u00bbfadeIn\u00bb]<\/p>\n<h2>\u00bfQu\u00e9 necesitas?<\/h2>\n<p>[\/vc_column_text][\/vc_column][vc_column width=\u00bb6\/12&#8243;][vc_column_text css=\u00bb.vc_custom_1662107069427{margin-top: 0px !important;margin-bottom: 0px !important;padding-top: 0px !important;padding-bottom: 0px !important;}\u00bb]<\/p>\n<p style=\"text-align: left;\"><span class=\"hiddenGreenError\">Dinos<\/span> tus necesidades y nosotros te ayudaremos a encontrar la mejor opci\u00f3n para tu evento.<\/p>\n<p>[\/vc_column_text][\/vc_column][vc_column width=\u00bb1\/12&#8243;][\/vc_column][\/vc_row][vc_row full_width=\u00bbstretch_row\u00bb equal_height=\u00bbyes\u00bb content_placement=\u00bbmiddle\u00bb bg_type=\u00bbbg_color\u00bb ult_hide_row=\u00bbult_hide_row_value\u00bb ult_hide_row_mobile=\u00bbmobile\u00bb ult_hide_row_mobile_large=\u00bbxl_mobile\u00bb css=\u00bb.vc_custom_1660923409970{margin-top: 0px !important;margin-bottom: 0px !important;padding-top: 10px !important;padding-bottom: 10px !important;}\u00bb bg_color_value=\u00bb#ffffff\u00bb][vc_column width=\u00bb1\/12&#8243;][\/vc_column][vc_column width=\u00bb4\/12&#8243;][vc_column_text css_animation=\u00bbfadeIn\u00bb]<\/p>\n<h2>\u00bfC\u00f3mo lo quieres?<\/h2>\n<p>[\/vc_column_text][\/vc_column][vc_column width=\u00bb6\/12&#8243;][vc_column_text css=\u00bb.vc_custom_1660903547957{margin-top: 0px !important;margin-bottom: 0px !important;padding-top: 0px !important;padding-bottom: 0px !important;}\u00bb]<\/p>\n<p style=\"text-align: left;\">Cada fiesta es distinta y por eso queremos que tu <strong>celebraci\u00f3n<\/strong> sea totalmente <strong>personalizada<\/strong> a tus necesidades.<\/p>\n<p>[\/vc_column_text][\/vc_column][vc_column width=\u00bb1\/12&#8243;][\/vc_column][\/vc_row][vc_row full_width=\u00bbstretch_row\u00bb equal_height=\u00bbyes\u00bb content_placement=\u00bbmiddle\u00bb bg_type=\u00bbbg_color\u00bb ult_hide_row=\u00bbult_hide_row_value\u00bb ult_hide_row_mobile=\u00bbmobile\u00bb ult_hide_row_mobile_large=\u00bbxl_mobile\u00bb css=\u00bb.vc_custom_1660923420692{margin-top: 0px !important;margin-bottom: 0px !important;padding-top: 10px !important;padding-bottom: 10px !important;}\u00bb bg_color_value=\u00bb#ebebe6&#8243;][vc_column width=\u00bb1\/12&#8243;][\/vc_column][vc_column width=\u00bb4\/12&#8243;][vc_column_text css_animation=\u00bbfadeIn\u00bb]<\/p>\n<h2>\u00bfD\u00f3nde lo Quieres?<\/h2>\n<p>[\/vc_column_text][\/vc_column][vc_column width=\u00bb6\/12&#8243;][vc_column_text css=\u00bb.vc_custom_1660903586004{margin-top: 0px !important;margin-bottom: 0px !important;padding-top: 0px !important;padding-bottom: 0px !important;}\u00bb]<\/p>\n<p style=\"text-align: left;\">Creemos que las ocasiones especiales deben convertirse en \u00fanicas, por eso <strong>te escuchamos y adaptamos<\/strong> nuestros espacios para que te los sientas tuyos.<br \/>\nTambi\u00e9n te ofrecemos servicio de personal y mobiliario.<\/p>\n<p>[\/vc_column_text][\/vc_column][vc_column width=\u00bb2\/12&#8243;][\/vc_column][\/vc_row][vc_row full_width=\u00bbstretch_row\u00bb equal_height=\u00bbyes\u00bb content_placement=\u00bbmiddle\u00bb bg_type=\u00bbbg_color\u00bb ult_hide_row=\u00bbult_hide_row_value\u00bb ult_hide_row_large_screen=\u00bblarge_screen\u00bb ult_hide_row_desktop=\u00bbdesktop\u00bb ult_hide_row_tablet=\u00bbtablet\u00bb ult_hide_row_tablet_small=\u00bbxs_tablet\u00bb css=\u00bb.vc_custom_1660923563812{margin-top: 0px !important;margin-bottom: 0px !important;padding-top: 10px !important;padding-bottom: 10px !important;}\u00bb bg_color_value=\u00bb#ebebe6&#8243;][vc_column][vc_column_text css_animation=\u00bbnone\u00bb css=\u00bb.vc_custom_1662107097103{margin-bottom: 0px !important;padding-bottom: 0px !important;}\u00bb]<\/p>\n<h2 style=\"text-align: left;\">\u00bfQu\u00e9 necesitas?<\/h2>\n<p>[\/vc_column_text][vc_column_text css=\u00bb.vc_custom_1662107126549{margin-top: 0px !important;margin-bottom: 0px !important;padding-top: 0px !important;padding-bottom: 0px !important;}\u00bb]Dinos tus necesidades y nosotros te ayudaremos a encontrar la mejor opci\u00f3n para tu evento.[\/vc_column_text][vc_empty_space height=\u00bb45&#8243;]<div class=\"hr-thin style-line\" style=\"width: 40%;border-color: #3d3d3d;border-top-width: 3px;\"><\/div>[vc_column_text css_animation=\u00bbnone\u00bb css=\u00bb.vc_custom_1660923989625{margin-bottom: 0px !important;padding-bottom: 0px !important;}\u00bb]<\/p>\n<h2 style=\"text-align: left;\">\u00bfC\u00f3mo lo quieres?<\/h2>\n<p>[\/vc_column_text][vc_column_text css=\u00bb.vc_custom_1660903547957{margin-top: 0px !important;margin-bottom: 0px !important;padding_top: 0px !important;padding_bottom: 0px !important;}\u00bb]<\/p>\n<p style=\"text-align: left;\">Cada fiesta es distinta y por eso queremos que tu <strong>celebraci\u00f3n<\/strong> sea totalmente <strong>personalizada<\/strong> a tus necesidades.<\/p>\n<p>[\/vc_column_text][vc_empty_space height=\u00bb45&#8243;]<div class=\"hr-thin style-line\" style=\"width: 40%;border-color: #3d3d3d;border-top-width: 3px;\"><\/div>[vc_column_text css_animation=\u00bbnone\u00bb css=\u00bb.vc_custom_1660923646412{margin-bottom: 0px !important;padding-bottom: 0px !important;}\u00bb]<\/p>\n<h2 style=\"text-align: left;\">\u00bfD\u00f3nde lo Quieres?<\/h2>\n<p>[\/vc_column_text][vc_column_text css=\u00bb.vc_custom_1660903586004{margin-top: 0px !important;margin_bottom: 0px !important;padding_top: 0px !important;padding_bottom: 0px !important;}\u00bb]<\/p>\n<p style=\"text-align: left;\">Creemos que las ocasiones especiales deben convertirse en \u00fanicas, por eso <strong>te escuchamos y adaptamos<\/strong> nuestros espacios para que te los sientas tuyos.<br \/>\nTambi\u00e9n te ofrecemos servicio de personal y mobiliario.<\/p>\n<p>[\/vc_column_text][vc_empty_space height=\u00bb45&#8243;][\/vc_column][\/vc_row][vc_row full_width=\u00bbstretch_row_content\u00bb bg_type=\u00bbimage\u00bb parallax_style=\u00bbvcpb-default\u00bb bg_image_new=\u00bbid^2931|url^https:\/\/www.baubargirona.com\/wp-content\/uploads\/2026\/04\/5ok-1.webp|caption^null|alt^null|title^5ok|description^null\u00bb bg_image_repeat=\u00bbno-repeat\u00bb bg_img_attach=\u00bbfixed\u00bb css=\u00bb.vc_custom_1775823918056{padding-top: 150px !important;padding-bottom: 0px !important;}\u00bb][vc_column][vc_row_inner][vc_column_inner width=\u00bb1\/5&#8243;][\/vc_column_inner][vc_column_inner width=\u00bb1\/5&#8243;][\/vc_column_inner][vc_column_inner width=\u00bb1\/5&#8243; css=\u00bb.vc_custom_1660903764277{margin_right: 0px !important;margin_left: 0px !important;border_right_width: 0px !important;border_left_width: 0px !important;padding_right: 0px !important;padding_left: 0px !important;}\u00bb][vc_column_text css=\u00bb.vc_custom_1660903804772{margin_right: 0px !important;margin_left: 0px !important;padding_top: 2% !important;padding_right: 8% !important;padding_bottom: 2% !important;padding_left: 8% !important;background_color: #ffffff !important;}\u00bb]<\/p>\n<h1 style=\"text-align: center;\">Coffee breaks<\/h1>\n<p>[\/vc_column_text][\/vc_column_inner][vc_column_inner width=\u00bb1\/5&#8243;][\/vc_column_inner][vc_column_inner width=\u00bb1\/5&#8243;][\/vc_column_inner][\/vc_row_inner][\/vc_column][\/vc_row][vc_row full_width=\u00bbstretch_row_content\u00bb equal_height=\u00bbyes\u00bb][vc_column width=\u00bb1\/4&#8243;][vc_column_text css=\u00bb.vc_custom_1660904055868{margin-bottom: 0px !important;}\u00bb]<\/p>\n<h4 style=\"text-align: center;\">CUCULLONA<\/h4>\n<p>[\/vc_column_text][vc_column_text css=\u00bb.vc_custom_1775823959300{margin-top: 0px !important;padding-top: 3% !important;padding-right: 5% !important;padding-bottom: 8% !important;padding-left: 5% !important;background-color: #ebebe6 !important;}\u00bb]<\/p>\n<p style=\"text-align: center;\">Caf\u00e9, leche,<br \/>\nzumos variados,<br \/>\naguas, infusiones<\/p>\n<p style=\"text-align: center;\"><a href=\"https:\/\/www.baubargirona.com\/es\/contacto\/\"><strong>Consulta el precio<\/strong><\/a><\/p>\n<p>[\/vc_column_text][\/vc_column][vc_column width=\u00bb1\/4&#8243;][vc_column_text css=\u00bb.vc_custom_1660904307889{margin-bottom: 0px !important;}\u00bb]<\/p>\n<h4 style=\"text-align: center;\">GERI\u00d3<\/h4>\n<p>[\/vc_column_text][vc_column_text css=\u00bb.vc_custom_1775823963664{margin-top: 0px !important;padding-top: 3% !important;padding-right: 5% !important;padding-bottom: 8% !important;padding-left: 5% !important;background-color: #ebebe6 !important;}\u00bb]<\/p>\n<p style=\"text-align: center;\">Caf\u00e9, leche, zumos variados,<br \/>\naguas, mini pastas dulces<br \/>\nvariadas<\/p>\n<p style=\"text-align: center;\"><a href=\"https:\/\/www.baubargirona.com\/es\/contacto\/\"><strong>Consulta el precio<\/strong><\/a><\/p>\n<p>[\/vc_column_text][\/vc_column][vc_column width=\u00bb1\/4&#8243;][vc_column_text css=\u00bb.vc_custom_1662107235731{margin-bottom: 0px !important;}\u00bb]<\/p>\n<h4 style=\"text-align: center;\">SANT NARC\u00cdS<\/h4>\n<p>[\/vc_column_text][vc_column_text css=\u00bb.vc_custom_1775823968042{margin-top: 0px !important;padding-top: 3% !important;padding-right: 5% !important;padding-bottom: 8% !important;padding-left: 5% !important;background-color: #ebebe6 !important;}\u00bb]<\/p>\n<p style=\"text-align: center;\">Caf\u00e9, leche, zumos variados,<br \/>\naguas, mini bocadillos<br \/>\nvariados<\/p>\n<p style=\"text-align: center;\"><a href=\"https:\/\/www.baubargirona.com\/es\/contacto\/\"><strong>Consulta el precio<\/strong><\/a><\/p>\n<p>[\/vc_column_text][\/vc_column][vc_column width=\u00bb1\/4&#8243;][vc_column_text css=\u00bb.vc_custom_1660904318501{margin-bottom: 0px !important;}\u00bb]<\/p>\n<h4 style=\"text-align: center;\">TARL\u00c0<\/h4>\n<p>[\/vc_column_text][vc_column_text css=\u00bb.vc_custom_1775823972310{margin-top: 0px !important;padding-top: 3% !important;padding-right: 5% !important;padding-bottom: 8% !important;padding-left: 5% !important;background-color: #ebebe6 !important;}\u00bb]<\/p>\n<p style=\"text-align: center;\">Caf\u00e9, leche, zumos variados, aguas,<br \/>\nmini bocadillos variados, pastas<br \/>\ndulces variadas<\/p>\n<p style=\"text-align: center;\"><a href=\"https:\/\/www.baubargirona.com\/es\/contacto\/\"><strong>Consulta el precio<\/strong><\/a><\/p>\n<p>[\/vc_column_text][\/vc_column][\/vc_row][vc_row full_width=\u00bbstretch_row_content\u00bb equal_height=\u00bbyes\u00bb][vc_column width=\u00bb1\/5&#8243;][\/vc_column][vc_column width=\u00bb3\/5&#8243;][vc_column_text css=\u00bb.vc_custom_1753975152503{margin-bottom: 0px !important;}\u00bb]IVA incluido en el precio<br \/>\nM\u00ednimo 25 personas<\/p>\n<p><strong>Adem\u00e1s:<\/strong><br \/>\nCopa de vino dulce con \u00abxuixo\u00bb \u00b7 4,5\u20ac\/pers.<br \/>\nMesa dulce especial cumplea\u00f1os\/eventos \u00b7 precio seg\u00fan pedido[\/vc_column_text][\/vc_column][vc_column width=\u00bb1\/5&#8243;][\/vc_column][\/vc_row][vc_row full_width=\u00bbstretch_row_content\u00bb equal_height=\u00bbyes\u00bb css=\u00bb.vc_custom_1660904687142{margin-top: 30px !important;}\u00bb][vc_column width=\u00bb1\/5&#8243;][\/vc_column][vc_column width=\u00bb3\/5&#8243;][vc_column_text]<\/p>\n<h4 style=\"text-align: center;\">EXPL\u00cdCANOS TU PROPUESTA<br \/>\nPERSONALIZAMOS LOS MEN\u00daS<\/h4>\n<p>[\/vc_column_text][\/vc_column][vc_column width=\u00bb1\/5&#8243;][\/vc_column][\/vc_row][vc_row full_width=\u00bbstretch_row_content\u00bb bg_type=\u00bbimage\u00bb parallax_style=\u00bbvcpb-default\u00bb bg_image_new=\u00bbid^2489|url^https:\/\/www.baubargirona.com\/wp-content\/uploads\/2022\/08\/Catering-baubar2.jpg|caption^null|alt^null|title^Catering-baubar2|description^null\u00bb bg_image_repeat=\u00bbno-repeat\u00bb bg_img_attach=\u00bbfixed\u00bb css=\u00bb.vc_custom_1660904742919{padding_top: 150px !important;padding_bottom: 0px !important;}\u00bb][vc_column][vc_row_inner][vc_column_inner width=\u00bb1\/5&#8243;][\/vc_column_inner][vc_column_inner width=\u00bb1\/5&#8243;][\/vc_column_inner][vc_column_inner width=\u00bb1\/5&#8243; css=\u00bb.vc_custom_1660903764277{margin_right: 0px !important;margin_left: 0px !important;border_right_width: 0px !important;border_left_width: 0px !important;padding_right: 0px !important;padding_left: 0px !important;}\u00bb][vc_column_text css=\u00bb.vc_custom_1660904730546{margin_right: 0px !important;margin_left: 0px !important;padding_top: 2% !important;padding_right: 8% !important;padding_bottom: 2% !important;padding_left: 8% !important;background_color: #ffffff !important;}\u00bb]<\/p>\n<h1 style=\"text-align: center;\">Carta de catering<\/h1>\n<p>[\/vc_column_text][\/vc_column_inner][vc_column_inner width=\u00bb1\/5&#8243;][\/vc_column_inner][vc_column_inner width=\u00bb1\/5&#8243;][\/vc_column_inner][\/vc_row_inner][\/vc_column][\/vc_row][vc_row gap=\u00bb10&#8243; css=\u00bb.vc_custom_1660905022293{margin_top: 30px !important;}\u00bb][vc_column width=\u00bb2\/12&#8243;][\/vc_column][vc_column width=\u00bb4\/12&#8243; css=\u00bb.vc_custom_1660904830980{background_color: #ebebe6 !important;}\u00bb][vc_column_text]<\/p>\n<h4>APERITIVOS:<\/h4>\n<p>Canap\u00e9 de salm\u00f3n<br \/>\nCanap\u00e9 de jam\u00f3n york con queso<br \/>\nD\u00e1tiles con beicon<br \/>\nMel\u00f3n con jam\u00f3n<br \/>\nSurtido de mini pastas saladas<br \/>\nCuchara de \u00abesqueixada\u00bb de bacalao<br \/>\nVirutas de queso \u201cFlor d\u2019esgueva\u201d<\/p>\n<h4>APERITIVO CALIENTE:<\/h4>\n<p>Calamares a la romana<br \/>\nCroquetas caseras<br \/>\nTortilla de patata con cebolla<br \/>\nTortilla de espinacas<br \/>\nTortilla de calabac\u00edn<br \/>\nTortilla de alcachofas<br \/>\nDelicias de pollo con romesco<\/p>\n<h4>TOSTADAS:<\/h4>\n<p>Anchoas con pimiento escalivado<br \/>\nCon jam\u00f3n recebo<br \/>\nCon sobrasada de Mallorca<\/p>\n<h4>CHUPITO:<\/h4>\n<p>Gazpacho<br \/>\nVichyssoise<br \/>\nCrema de calabac\u00edn con daditos de jam\u00f3n<br \/>\n[\/vc_column_text][\/vc_column][vc_column width=\u00bb4\/12&#8243; css=\u00bb.vc_custom_1660904840373{background_color: #ebebe6 !important;}\u00bb][vc_column_text]<\/p>\n<h4>BUFETE DE ENSALADAS:<\/h4>\n<p>De r\u00facula con cherrys y daditos de queso<br \/>\nDe manzana con queso azul y nueces<br \/>\nDe espinacas con pasas y pi\u00f1ones<br \/>\nEnsalada de pasta refrescante<\/p>\n<h4>CAZOLETA:<\/h4>\n<p>Alb\u00f3ndigas con chanfaina<br \/>\nCazuelita de fideu\u00e1<br \/>\nCazuelita de ternera con setas<br \/>\nCazuelita de bacalao con pasas y pi\u00f1ones<br \/>\nRevuelto de huevos con patatas<br \/>\nRevuelto de huevos con patatas y jam\u00f3n<br \/>\nRevuelto de esp\u00e1rragos, ajos tiernos y gambas<\/p>\n<h4>BROQUETA:<\/h4>\n<p>De tomate cherry con queso feta<br \/>\nDe fruta fresca natural<br \/>\nDe chistorra con salchicha<br \/>\nDe pollo con champi\u00f1ones<\/p>\n<h4>POSTRES:<\/h4>\n<p>Tarta Sacher<br \/>\n\u00abBisbalenc\u00bb<br \/>\nRuso de chocolate y nueces<br \/>\nBu\u00f1uelos de viento<br \/>\nMini \u00abxuixos\u00bb de Girona<br \/>\n[\/vc_column_text][\/vc_column][vc_column width=\u00bb2\/12&#8243;][\/vc_column][\/vc_row][vc_row full_width=\u00bbstretch_row_content\u00bb equal_height=\u00bbyes\u00bb css=\u00bb.vc_custom_1660904687142{margin_top: 30px !important;}\u00bb][vc_column width=\u00bb1\/5&#8243;][\/vc_column][vc_column width=\u00bb3\/5&#8243;][vc_column_text]<\/p>\n<h2 style=\"text-align: center;\">\u00bfQuieres que te orientemos?<\/h2>\n<h4 style=\"text-align: center;\"><span style=\"color: #333333;\">\u00a1Aqu\u00ed tienes unos packs de ejemplo!<\/span><\/h4>\n<p>[\/vc_column_text][\/vc_column][vc_column width=\u00bb1\/5&#8243;][\/vc_column][\/vc_row][vc_row full_width=\u00bbstretch_row_content\u00bb equal_height=\u00bbyes\u00bb][vc_column width=\u00bb1\/3&#8243;][vc_column_text css=\u00bb.vc_custom_1662107533653{margin_bottom: 0px !important;}\u00bb]<\/p>\n<h4 style=\"text-align: center;\">Brunch<\/h4>\n<p>[\/vc_column_text][vc_column_text css=\u00bb.vc_custom_1753975201945{margin-top: 0px !important;padding-top: 8% !important;padding-right: 5% !important;padding-bottom: 8% !important;padding-left: 5% !important;background-color: #ebebe6 !important;}\u00bb]<\/p>\n<p style=\"text-align: center;\">Coca de cristal con escalivada y at\u00fan con olivada<\/p>\n<p style=\"text-align: center;\">Daditos de tortilla de patata<\/p>\n<p style=\"text-align: center;\">Mini croquetas<\/p>\n<p style=\"text-align: center;\">Bu\u00f1uelos caseros de bacalao<\/p>\n<p style=\"text-align: center;\">Brocheta de fruta natural de temporada<\/p>\n<p>[\/vc_column_text][\/vc_column][vc_column width=\u00bb1\/3&#8243;][vc_column_text css=\u00bb.vc_custom_1662107544418{margin_bottom: 0px !important;}\u00bb]<\/p>\n<h4 style=\"text-align: center;\">Coctel<\/h4>\n<p>[\/vc_column_text][vc_column_text css=\u00bb.vc_custom_1753975207066{margin-top: 0px !important;padding-top: 8% !important;padding-right: 5% !important;padding-bottom: 8% !important;padding-left: 5% !important;background-color: #ebebe6 !important;}\u00bb]<\/p>\n<p style=\"text-align: center;\">Chupito de vichyssoise<\/p>\n<p style=\"text-align: center;\">Mini hojaldre relleno<\/p>\n<p style=\"text-align: center;\">Canap\u00e9 de pan ingl\u00e9s con salm\u00f3n ahumado<\/p>\n<p style=\"text-align: center;\">Cajita de mini croquetas<\/p>\n<p style=\"text-align: center;\">Cata de hummus con crudit\u00e9s<\/p>\n<p>[\/vc_column_text][\/vc_column][vc_column width=\u00bb1\/3&#8243;][vc_column_text css=\u00bb.vc_custom_1662107554628{margin_bottom: 0px !important;}\u00bb]<\/p>\n<h4 style=\"text-align: center;\">KM0<\/h4>\n<p>[\/vc_column_text][vc_column_text css=\u00bb.vc_custom_1753975212318{margin-top: 0px !important;padding-top: 8% !important;padding-right: 5% !important;padding-bottom: 8% !important;padding-left: 5% !important;background-color: #ebebe6 !important;}\u00bb]<\/p>\n<p style=\"text-align: center;\">Chupito de crema de calabaza rabequet del Alt Empord\u00e0<\/p>\n<p style=\"text-align: center;\">Degustaci\u00f3n de quesos artesanos catalanes<\/p>\n<p style=\"text-align: center;\">Tostada con escalivada y anchoas de l&#8217;Escala<\/p>\n<p style=\"text-align: center;\">Brocheta de butifarra de Girona con verduras<\/p>\n<p style=\"text-align: center;\">Mini \u00abxuixo\u00bb de Girona con copa de vino dulce<\/p>\n<p>[\/vc_column_text][\/vc_column][\/vc_row]<\/p>\n<\/div>","protected":false},"excerpt":{"rendered":"<p>[vc_row full_width=\u00bbstretch_row_content\u00bb bg_type=\u00bbimage\u00bb parallax_style=\u00bbvcpb-default\u00bb bg_image_new=\u00bbid^2487|url^https:\/\/www.baubargirona.com\/wp-content\/uploads\/2022\/08\/Inici-Slide-catering.jpg|caption^30 de abril de 2022. Baubar Restaurant por Set De Disseny.Cr\u00e9dito de im\u00e1genes: Toni Vilches Fotograf\u00eda.|alt^null|title^Baubar Restaurant por Set De Disseny|description^null\u00bb css=\u00bb.vc_custom_1660923225395{margin-top: 0px !important;padding-top: 200px !important;}\u00bb][vc_column][vc_column_text css=\u00bb.vc_custom_1660902675277{padding-bottom: 0px !important;}\u00bb] Catering [\/vc_column_text][\/vc_column][\/vc_row][vc_row full_width=\u00bbstretch_row\u00bb css=\u00bb.vc_custom_1660923240025{margin-top: 30px !important;margin-bottom: 30px !important;}\u00bb][vc_column width=\u00bb1\/4&#8243;][\/vc_column][vc_column width=\u00bb1\/2&#8243;][vc_column_text css=\u00bb\u00bb] En Bau-Bar catering te ofrecemos una gran variedad de platos adaptados&hellip;<\/p>\n","protected":false},"author":1,"featured_media":0,"parent":0,"menu_order":0,"comment_status":"closed","ping_status":"closed","template":"","meta":{"footnotes":""},"class_list":["post-2816","page","type-page","status-publish","hentry","description-off"],"_links":{"self":[{"href":"https:\/\/www.baubargirona.com\/es\/wp-json\/wp\/v2\/pages\/2816","targetHints":{"allow":["GET"]}}],"collection":[{"href":"https:\/\/www.baubargirona.com\/es\/wp-json\/wp\/v2\/pages"}],"about":[{"href":"https:\/\/www.baubargirona.com\/es\/wp-json\/wp\/v2\/types\/page"}],"author":[{"embeddable":true,"href":"https:\/\/www.baubargirona.com\/es\/wp-json\/wp\/v2\/users\/1"}],"replies":[{"embeddable":true,"href":"https:\/\/www.baubargirona.com\/es\/wp-json\/wp\/v2\/comments?post=2816"}],"version-history":[{"count":8,"href":"https:\/\/www.baubargirona.com\/es\/wp-json\/wp\/v2\/pages\/2816\/revisions"}],"predecessor-version":[{"id":2933,"href":"https:\/\/www.baubargirona.com\/es\/wp-json\/wp\/v2\/pages\/2816\/revisions\/2933"}],"wp:attachment":[{"href":"https:\/\/www.baubargirona.com\/es\/wp-json\/wp\/v2\/media?parent=2816"}],"curies":[{"name":"wp","href":"https:\/\/api.w.org\/{rel}","templated":true}]}}