{"id":2809,"date":"2022-08-18T11:57:12","date_gmt":"2022-08-18T11:57:12","guid":{"rendered":"https:\/\/www.baubargirona.com\/cafeteria\/"},"modified":"2026-04-13T08:51:07","modified_gmt":"2026-04-13T08:51:07","slug":"cafeteria","status":"publish","type":"page","link":"https:\/\/www.baubargirona.com\/es\/cafeteria\/","title":{"rendered":"Cafeter\u00eda"},"content":{"rendered":"<div class=\"wpb-content-wrapper\"><p>[vc_row full_width=\u00bbstretch_row_content\u00bb bg_type=\u00bbimage\u00bb parallax_style=\u00bbvcpb-default\u00bb bg_image_new=\u00bbid^2434|url^https:\/\/www.baubargirona.com\/wp-content\/uploads\/2022\/08\/Cafeteria.jpg|caption^30 d\u2019abril de 2022. Baubar Restaurant per Set De Disseny.<br \/>\nCredit d\u2019imatges: Toni Vilches Fotografia.|alt^null|title^Baubar Restaurant per Set De Disseny|description^null\u00bb bg_image_repeat=\u00bbno-repeat\u00bb bg_img_attach=\u00bbfixed\u00bb css=\u00bb.vc_custom_1660923121946{margin-top: 0px !important;padding-top: 200px !important;}\u00bb][vc_column][vc_column_text css=\u00bb.vc_custom_1660826899770{padding-bottom: 0px !important;}\u00bb]<\/p>\n<h3 style=\"text-align: center;\"><span style=\"color: #ffffff;\"><strong>Cafeter\u00eda<\/strong><\/span><\/h3>\n<p>[\/vc_column_text][\/vc_column][\/vc_row][vc_row full_width=\u00bbstretch_row\u00bb css=\u00bb.vc_custom_1660923146852{margin-top: 30px !important;}\u00bb][vc_column width=\u00bb1\/4&#8243;][\/vc_column][vc_column width=\u00bb1\/2&#8243;][vc_column_text]<\/p>\n<p style=\"text-align: center;\">Por la ma\u00f1ana, puede empezar el d\u00eda con una gran selecci\u00f3n de bocadillos, pastas selectas (berlinas, croissant franc\u00e9s\u2026), zumos naturales y con un buen caf\u00e9, en un ambiente tranquilo y agradable.<\/p>\n<p>[\/vc_column_text]<style type=\"text\/css\" data-type=\"the7_shortcodes-inline-css\">.gallery-shortcode.gallery-masonry-shortcode-id-78611a4d9cb689490e5623ab93b768cd figure,\n.gallery-shortcode.gallery-masonry-shortcode-id-78611a4d9cb689490e5623ab93b768cd .rollover,\n.gallery-shortcode.gallery-masonry-shortcode-id-78611a4d9cb689490e5623ab93b768cd img,\n.gallery-shortcode.gallery-masonry-shortcode-id-78611a4d9cb689490e5623ab93b768cd .gallery-rollover {\n  border-radius: 0px;\n}\n.gallery-shortcode.gallery-masonry-shortcode-id-78611a4d9cb689490e5623ab93b768cd.enable-bg-rollover .gallery-rollover {\n  background: -webkit-linear-gradient();\n  background: linear-gradient();\n}\n.gallery-shortcode.gallery-masonry-shortcode-id-78611a4d9cb689490e5623ab93b768cd.enable-bg-rollover.hover-scale figure .rollover:after {\n  background: -webkit-linear-gradient();\n  background: linear-gradient();\n}\n.gallery-shortcode.gallery-masonry-shortcode-id-78611a4d9cb689490e5623ab93b768cd .gallery-zoom-ico {\n  width: 44px;\n  height: 44px;\n  line-height: 44px;\n  border-radius: 100px;\n  margin: -22px 0 0 -22px;\n  border-width: 0px;\n  color: #ffffff;\n}\n.dt-icon-bg-on.gallery-shortcode.gallery-masonry-shortcode-id-78611a4d9cb689490e5623ab93b768cd .gallery-zoom-ico {\n  background: rgba(255,255,255,0.3);\n  box-shadow: none;\n}\n.gallery-shortcode.gallery-masonry-shortcode-id-78611a4d9cb689490e5623ab93b768cd .gallery-zoom-ico:before,\n.gallery-shortcode.gallery-masonry-shortcode-id-78611a4d9cb689490e5623ab93b768cd .gallery-zoom-ico span {\n  font-size: 32px;\n  line-height: 44px;\n  color: #ffffff;\n}\n.gallery-shortcode.gallery-masonry-shortcode-id-78611a4d9cb689490e5623ab93b768cd:not(.resize-by-browser-width) .dt-css-grid {\n  grid-row-gap: 10px;\n  grid-column-gap: 10px;\n  grid-template-columns: repeat(auto-fill,minmax(,1fr));\n}\n.gallery-shortcode.gallery-masonry-shortcode-id-78611a4d9cb689490e5623ab93b768cd:not(.resize-by-browser-width) .dt-css-grid .double-width {\n  grid-column: span 2;\n}\n.cssgridlegacy.no-cssgrid .gallery-shortcode.gallery-masonry-shortcode-id-78611a4d9cb689490e5623ab93b768cd:not(.resize-by-browser-width) .dt-css-grid,\n.no-cssgridlegacy.no-cssgrid .gallery-shortcode.gallery-masonry-shortcode-id-78611a4d9cb689490e5623ab93b768cd:not(.resize-by-browser-width) .dt-css-grid {\n  display: flex;\n  flex-flow: row wrap;\n  margin: -5px;\n}\n.cssgridlegacy.no-cssgrid .gallery-shortcode.gallery-masonry-shortcode-id-78611a4d9cb689490e5623ab93b768cd:not(.resize-by-browser-width) .dt-css-grid .wf-cell,\n.no-cssgridlegacy.no-cssgrid .gallery-shortcode.gallery-masonry-shortcode-id-78611a4d9cb689490e5623ab93b768cd:not(.resize-by-browser-width) .dt-css-grid .wf-cell {\n  flex: 1 0 ;\n  max-width: 100%;\n  padding: 5px;\n  box-sizing: border-box;\n}\n.gallery-shortcode.gallery-masonry-shortcode-id-78611a4d9cb689490e5623ab93b768cd.resize-by-browser-width .dt-css-grid {\n  grid-template-columns: repeat(2,1fr);\n  grid-template-rows: auto;\n  grid-column-gap: 10px;\n  grid-row-gap: 10px;\n}\n.gallery-shortcode.gallery-masonry-shortcode-id-78611a4d9cb689490e5623ab93b768cd.resize-by-browser-width .dt-css-grid .double-width {\n  grid-column: span 2;\n}\n.cssgridlegacy.no-cssgrid .gallery-shortcode.gallery-masonry-shortcode-id-78611a4d9cb689490e5623ab93b768cd.resize-by-browser-width .dt-css-grid {\n  margin: -5px;\n}\n.cssgridlegacy.no-cssgrid .gallery-shortcode.gallery-masonry-shortcode-id-78611a4d9cb689490e5623ab93b768cd.resize-by-browser-width .dt-css-grid .wf-cell {\n  width: 50%;\n  padding: 5px;\n}\n.cssgridlegacy.no-cssgrid .gallery-shortcode.gallery-masonry-shortcode-id-78611a4d9cb689490e5623ab93b768cd.resize-by-browser-width .dt-css-grid .wf-cell.double-width {\n  width: calc(50%) * 2;\n}\n.gallery-shortcode.gallery-masonry-shortcode-id-78611a4d9cb689490e5623ab93b768cd.resize-by-browser-width:not(.centered-layout-list):not(.content-bg-on) .dt-css-grid {\n  grid-row-gap: 10px - ;\n}\n@media screen and (max-width: 1199px) {\n  .gallery-shortcode.gallery-masonry-shortcode-id-78611a4d9cb689490e5623ab93b768cd.resize-by-browser-width .dt-css-grid {\n    grid-template-columns: repeat(2,1fr);\n  }\n  .cssgridlegacy.no-cssgrid .gallery-shortcode.gallery-masonry-shortcode-id-78611a4d9cb689490e5623ab93b768cd.resize-by-browser-width .dt-css-grid .wf-cell,\n  .no-cssgridlegacy.no-cssgrid .gallery-shortcode.gallery-masonry-shortcode-id-78611a4d9cb689490e5623ab93b768cd.resize-by-browser-width .dt-css-grid .wf-cell {\n    width: 50%;\n  }\n  .cssgridlegacy.no-cssgrid .gallery-shortcode.gallery-masonry-shortcode-id-78611a4d9cb689490e5623ab93b768cd.resize-by-browser-width .dt-css-grid .wf-cell.double-width,\n  .no-cssgridlegacy.no-cssgrid .gallery-shortcode.gallery-masonry-shortcode-id-78611a4d9cb689490e5623ab93b768cd.resize-by-browser-width .dt-css-grid .wf-cell.double-width {\n    width: calc(50%)*2;\n  }\n}\n@media screen and (max-width: 991px) {\n  .gallery-shortcode.gallery-masonry-shortcode-id-78611a4d9cb689490e5623ab93b768cd.resize-by-browser-width .dt-css-grid {\n    grid-template-columns: repeat(2,1fr);\n  }\n  .cssgridlegacy.no-cssgrid .gallery-shortcode.gallery-masonry-shortcode-id-78611a4d9cb689490e5623ab93b768cd.resize-by-browser-width .dt-css-grid .wf-cell,\n  .no-cssgridlegacy.no-cssgrid .gallery-shortcode.gallery-masonry-shortcode-id-78611a4d9cb689490e5623ab93b768cd.resize-by-browser-width .dt-css-grid .wf-cell {\n    width: 50%;\n  }\n  .cssgridlegacy.no-cssgrid .gallery-shortcode.gallery-masonry-shortcode-id-78611a4d9cb689490e5623ab93b768cd.resize-by-browser-width .dt-css-grid .wf-cell.double-width,\n  .no-cssgridlegacy.no-cssgrid .gallery-shortcode.gallery-masonry-shortcode-id-78611a4d9cb689490e5623ab93b768cd.resize-by-browser-width .dt-css-grid .wf-cell.double-width {\n    width: calc(50%)*2;\n  }\n}\n@media screen and (max-width: 767px) {\n  .gallery-shortcode.gallery-masonry-shortcode-id-78611a4d9cb689490e5623ab93b768cd.resize-by-browser-width .dt-css-grid {\n    grid-template-columns: repeat(1,1fr);\n  }\n  .cssgridlegacy.no-cssgrid .gallery-shortcode.gallery-masonry-shortcode-id-78611a4d9cb689490e5623ab93b768cd.resize-by-browser-width .dt-css-grid .wf-cell,\n  .no-cssgridlegacy.no-cssgrid .gallery-shortcode.gallery-masonry-shortcode-id-78611a4d9cb689490e5623ab93b768cd.resize-by-browser-width .dt-css-grid .wf-cell {\n    width: 100%;\n  }\n  .cssgridlegacy.no-cssgrid .gallery-shortcode.gallery-masonry-shortcode-id-78611a4d9cb689490e5623ab93b768cd.resize-by-browser-width .dt-css-grid .wf-cell.double-width,\n  .no-cssgridlegacy.no-cssgrid .gallery-shortcode.gallery-masonry-shortcode-id-78611a4d9cb689490e5623ab93b768cd.resize-by-browser-width .dt-css-grid .wf-cell.double-width {\n    width: calc(100%)*2;\n  }\n}<\/style><div class=\"gallery-shortcode dt-gallery-container gallery-masonry-shortcode-id-78611a4d9cb689490e5623ab93b768cd mode-grid jquery-filter dt-icon-bg-off quick-scale-img dt-css-grid-wrap enable-bg-rollover resize-by-browser-width  hover-fade loading-effect-none description-on-hover\" data-padding=\"5px\" data-cur-page=\"1\" data-post-limit=\"-1\" data-pagination-mode=\"none\" data-desktop-columns-num=\"2\" data-v-tablet-columns-num=\"2\" data-h-tablet-columns-num=\"2\" data-phone-columns-num=\"1\" data-width=\"0px\" data-columns=\"0\"><div class=\"dt-css-grid\" ><div class=\"wf-cell\" data-post-id=\"2954\" data-date=\"2026-04-13T08:50:09+00:00\" data-name=\"2\"><figure class=\"post visible\"><a href=\"https:\/\/www.baubargirona.com\/wp-content\/uploads\/2026\/04\/2-1.jpeg\" class=\"rollover dt-pswp-item layzr-bg\" data-large_image_width=\"1535\" data-large_image_height=\"2048\" data-dt-img-description=\"\" title=\"2\"><img fetchpriority=\"high\" decoding=\"async\" class=\"preload-me iso-lazy-load aspect\" src=\"data:image\/svg+xml,%3Csvg%20xmlns%3D&#39;http%3A%2F%2Fwww.w3.org%2F2000%2Fsvg&#39;%20viewBox%3D&#39;0%200%20768%201151&#39;%2F%3E\" data-src=\"https:\/\/www.baubargirona.com\/wp-content\/uploads\/2026\/04\/2-1-768x1151.jpeg\" data-srcset=\"https:\/\/www.baubargirona.com\/wp-content\/uploads\/2026\/04\/2-1-768x1151.jpeg 768w, https:\/\/www.baubargirona.com\/wp-content\/uploads\/2026\/04\/2-1-1152x1727.jpeg 1152w\" loading=\"eager\" style=\"--ratio: 768 \/ 1151\" sizes=\"(max-width: 768px) 100vw, 768px\" alt=\"\" width=\"768\" height=\"1151\"  \/><span class=\"gallery-rollover\"><span class=\"gallery-zoom-ico icomoon-the7-font-the7-zoom-06\"><span><\/span><\/span><\/span><\/a><\/figure><\/div><div class=\"wf-cell\" data-post-id=\"2955\" data-date=\"2026-04-13T08:50:09+00:00\" data-name=\"3\"><figure class=\"post visible\"><a href=\"https:\/\/www.baubargirona.com\/wp-content\/uploads\/2026\/04\/3-1.jpeg\" class=\"rollover dt-pswp-item layzr-bg\" data-large_image_width=\"1536\" data-large_image_height=\"2048\" data-dt-img-description=\"\" title=\"3\"><img decoding=\"async\" class=\"preload-me iso-lazy-load aspect\" src=\"data:image\/svg+xml,%3Csvg%20xmlns%3D&#39;http%3A%2F%2Fwww.w3.org%2F2000%2Fsvg&#39;%20viewBox%3D&#39;0%200%20768%201151&#39;%2F%3E\" data-src=\"https:\/\/www.baubargirona.com\/wp-content\/uploads\/2026\/04\/3-1-768x1151.jpeg\" data-srcset=\"https:\/\/www.baubargirona.com\/wp-content\/uploads\/2026\/04\/3-1-768x1151.jpeg 768w, https:\/\/www.baubargirona.com\/wp-content\/uploads\/2026\/04\/3-1-1152x1727.jpeg 1152w\" loading=\"eager\" style=\"--ratio: 768 \/ 1151\" sizes=\"(max-width: 768px) 100vw, 768px\" alt=\"\" width=\"768\" height=\"1151\"  \/><span class=\"gallery-rollover\"><span class=\"gallery-zoom-ico icomoon-the7-font-the7-zoom-06\"><span><\/span><\/span><\/span><\/a><\/figure><\/div><\/div><!-- iso-container|iso-grid --><\/div>[vc_empty_space]<style type=\"text\/css\" data-type=\"the7_shortcodes-inline-css\">.shortcode-single-image-wrap.shortcode-single-image-43ab0130fda947fd633682adc3885f15.enable-bg-rollover .rollover i,\n.shortcode-single-image-wrap.shortcode-single-image-43ab0130fda947fd633682adc3885f15.enable-bg-rollover .rollover-video i {\n  background: -webkit-linear-gradient();\n  background: linear-gradient();\n}\n.shortcode-single-image-wrap.shortcode-single-image-43ab0130fda947fd633682adc3885f15 .rollover-icon {\n  font-size: 32px;\n  color: #ffffff;\n  min-width: 44px;\n  min-height: 44px;\n  line-height: 44px;\n  border-radius: 100px;\n  border-style: solid;\n  border-width: 0px;\n}\n.dt-icon-bg-on.shortcode-single-image-wrap.shortcode-single-image-43ab0130fda947fd633682adc3885f15 .rollover-icon {\n  background: rgba(255,255,255,0.3);\n  box-shadow: none;\n}<\/style><div class=\"shortcode-single-image-wrap shortcode-single-image-43ab0130fda947fd633682adc3885f15 alignnone  enable-bg-rollover dt-icon-bg-off\" style=\"margin-top:0px; margin-bottom:0px; margin-left:0px; margin-right:0px; width:80px;\"><div class=\"shortcode-single-image\"><div class=\"fancy-media-wrap  layzr-bg\" style=\"\"><img decoding=\"async\" class=\"preload-me lazy-load aspect\" src=\"data:image\/svg+xml,%3Csvg%20xmlns%3D&#39;http%3A%2F%2Fwww.w3.org%2F2000%2Fsvg&#39;%20viewBox%3D&#39;0%200%2053%2053&#39;%2F%3E\" data-src=\"https:\/\/www.baubargirona.com\/wp-content\/uploads\/2022\/08\/rellotge.svg\" data-srcset=\"https:\/\/www.baubargirona.com\/wp-content\/uploads\/2022\/08\/rellotge.svg 53w\" loading=\"eager\" sizes=\"(max-width: 53px) 100vw, 53px\" width=\"53\" height=\"53\"  data-dt-location=\"https:\/\/www.baubargirona.com\/es\/baubargirona\/rellotge-3\/\" style=\"--ratio: 53 \/ 53;\" alt=\"reloj\" \/><\/div><\/div><\/div>[vc_empty_space height=\u00bb15&#8243;][vc_column_text]<\/p>\n<p style=\"text-align: center;\">OFRECEMOS LOS DESAYUNOS A PARTIR DE LAS 8:30 DE LA MA\u00d1ANA.<\/p>\n<p>[\/vc_column_text][\/vc_column][vc_column width=\u00bb1\/4&#8243;][\/vc_column][\/vc_row]<\/p>\n<\/div>","protected":false},"excerpt":{"rendered":"<p>[vc_row full_width=\u00bbstretch_row_content\u00bb bg_type=\u00bbimage\u00bb parallax_style=\u00bbvcpb-default\u00bb bg_image_new=\u00bbid^2434|url^https:\/\/www.baubargirona.com\/wp-content\/uploads\/2022\/08\/Cafeteria.jpg|caption^30 d\u2019abril de 2022. Baubar Restaurant per Set De Disseny. Credit d\u2019imatges: Toni Vilches Fotografia.|alt^null|title^Baubar Restaurant per Set De Disseny|description^null\u00bb bg_image_repeat=\u00bbno-repeat\u00bb bg_img_attach=\u00bbfixed\u00bb css=\u00bb.vc_custom_1660923121946{margin-top: 0px !important;padding-top: 200px !important;}\u00bb][vc_column][vc_column_text css=\u00bb.vc_custom_1660826899770{padding-bottom: 0px !important;}\u00bb] Cafeter\u00eda [\/vc_column_text][\/vc_column][\/vc_row][vc_row full_width=\u00bbstretch_row\u00bb css=\u00bb.vc_custom_1660923146852{margin-top: 30px !important;}\u00bb][vc_column width=\u00bb1\/4&#8243;][\/vc_column][vc_column width=\u00bb1\/2&#8243;][vc_column_text] Por la ma\u00f1ana, puede empezar el d\u00eda con una gran selecci\u00f3n de bocadillos,&hellip;<\/p>\n","protected":false},"author":1,"featured_media":0,"parent":0,"menu_order":0,"comment_status":"closed","ping_status":"closed","template":"","meta":{"footnotes":""},"class_list":["post-2809","page","type-page","status-publish","hentry","description-off"],"_links":{"self":[{"href":"https:\/\/www.baubargirona.com\/es\/wp-json\/wp\/v2\/pages\/2809","targetHints":{"allow":["GET"]}}],"collection":[{"href":"https:\/\/www.baubargirona.com\/es\/wp-json\/wp\/v2\/pages"}],"about":[{"href":"https:\/\/www.baubargirona.com\/es\/wp-json\/wp\/v2\/types\/page"}],"author":[{"embeddable":true,"href":"https:\/\/www.baubargirona.com\/es\/wp-json\/wp\/v2\/users\/1"}],"replies":[{"embeddable":true,"href":"https:\/\/www.baubargirona.com\/es\/wp-json\/wp\/v2\/comments?post=2809"}],"version-history":[{"count":5,"href":"https:\/\/www.baubargirona.com\/es\/wp-json\/wp\/v2\/pages\/2809\/revisions"}],"predecessor-version":[{"id":2959,"href":"https:\/\/www.baubargirona.com\/es\/wp-json\/wp\/v2\/pages\/2809\/revisions\/2959"}],"wp:attachment":[{"href":"https:\/\/www.baubargirona.com\/es\/wp-json\/wp\/v2\/media?parent=2809"}],"curies":[{"name":"wp","href":"https:\/\/api.w.org\/{rel}","templated":true}]}}